{"id":76,"date":"2019-09-26T23:18:53","date_gmt":"2019-09-26T21:18:53","guid":{"rendered":"https:\/\/auers.blog\/?page_id=76"},"modified":"2023-05-11T22:05:35","modified_gmt":"2023-05-11T20:05:35","slug":"impressum","status":"publish","type":"page","link":"https:\/\/auers.blog\/de\/impressum\/","title":{"rendered":"Impressum"},"content":{"rendered":"\n<p><strong>Urheberrecht<\/strong><\/p>\n\n\n\n<p>Der Autor ist bestrebt, in allen Publikationen die Urheberrechte der verwendeten Grafiken, Tondokumente, Videosequenzen und Texte zu beachten, von ihm selbst erstellte Grafiken, Tondokumente, Videosequenzen und Texte zu nutzen oder auf lizenzfreie Grafiken, Tondokumente, Videosequenzen und Texte zur\u00fcckzugreifen.<\/p>\n\n\n\n<p>Das Copyright f\u00fcr ver\u00f6ffentlichte, vom Autor selbst erstellte Objekte bleibt allein beim Autor der Seiten. Eine Vervielf\u00e4ltigung oder Verwendung solcher Grafiken, Tondokumente, Videosequenzen und Texte in anderen elektronischen oder gedruckten Publikationen ist ohne ausdr\u00fcckliche Zustimmung des Autors nicht gestattet. Apple ist ein eingetragenes Warenzeichen der Apple Computer, Inc.<\/p>\n\n\n\n<p>Informationspflicht laut \u00a75 E-Commerce Gesetz, \u00a714 Unternehmensgesetzbuch, \u00a763 Gewerbeordnung und Offenlegungspflicht laut \u00a725 Mediengesetz.<\/p>\n\n\n\n<p>Thomas Auer-Peckelsen<\/p>\n\n\n\n<p>Falkenstra\u00dfe 14,&nbsp;<br>76829 Landau,&nbsp;<br>Germany<\/p>\n\n\n\n<p><strong>Tel.:<\/strong>\u00a0+49 6341 5986882<\/p>\n\n\n\n<p><strong>E-Mail:<\/strong>&nbsp;<a href=\"mailto:mail@auers.blog\">mail@auers.blog<\/a><\/p>\n\n\n\n<p><\/p>\n\n\n\n<p>Quelle: Erstellt&nbsp;mit dem&nbsp;Impressum Generator von&nbsp;<a href=\"https:\/\/www.adsimple.at\/\" target=\"_blank\" rel=\"noreferrer noopener\">Content Marketing Agentur Wien<\/a>&nbsp;in Kooperation mit&nbsp;<a href=\"https:\/\/www.hd-dental.net\/\" target=\"_blank\" rel=\"noreferrer noopener\">hd-dental.net<\/a><\/p>\n\n\n\n<h3 class=\"wp-block-heading\">EU-Streitschlichtung<\/h3>\n\n\n\n<p>Gem\u00e4\u00df Verordnung \u00fcber Online-Streitbeilegung in Verbraucherangelegenheiten (ODR-Verordnung) m\u00f6chten wir Sie \u00fcber die Online-Streitbeilegungsplattform (OS-Plattform) informieren.<br>Verbraucher haben die M\u00f6glichkeit, Beschwerden an die Online Streitbeilegungsplattform der Europ\u00e4ischen Kommission unter&nbsp;<a href=\"https:\/\/ec.europa.eu\/consumers\/odr\/main\/index.cfm?event=main.home2.show&amp;lng=DE\" target=\"_blank\" rel=\"noreferrer noopener\">http:\/\/ec.europa.eu\/odr?tid=121172589<\/a>&nbsp;zu richten. Die daf\u00fcr notwendigen Kontaktdaten finden Sie oberhalb in unserem Impressum.<\/p>\n\n\n\n<p>Wir m\u00f6chten Sie jedoch darauf hinweisen, dass wir nicht bereit oder verpflichtet sind, an Streitbeilegungsverfahren vor einer Verbraucherschlichtungsstelle teilzunehmen.<\/p>\n\n\n\n<h3 class=\"wp-block-heading\">Haftung f\u00fcr Inhalte dieser Webseite<\/h3>\n\n\n\n<p>Wir entwickeln die Inhalte dieser Webseite st\u00e4ndig weiter und bem\u00fchen uns korrekte und aktuelle Informationen bereitzustellen. Leider k\u00f6nnen wir keine Haftung f\u00fcr die Korrektheit aller Inhalte auf dieser Webseite \u00fcbernehmen, speziell f\u00fcr jene die seitens Dritter bereitgestellt wurden.<\/p>\n\n\n\n<p>Sollten Ihnen problematische oder rechtswidrige Inhalte auffallen, bitten wir Sie uns umgehend zu kontaktieren, Sie finden die Kontaktdaten im Impressum.<\/p>\n\n\n\n<h3 class=\"wp-block-heading\">Haftung f\u00fcr Links auf dieser Webseite<\/h3>\n\n\n\n<p>Unsere Webseite enth\u00e4lt Links zu anderen Webseiten f\u00fcr deren Inhalt wir nicht verantwortlich sind. Haftung f\u00fcr verlinkte Websites besteht laut&nbsp;<a href=\"https:\/\/www.ris.bka.gv.at\/Dokument.wxe?Abfrage=Bundesnormen&amp;Dokumentnummer=NOR40025813&amp;tid=121172589\" target=\"_blank\" rel=\"noreferrer noopener\">\u00a7 17 ECG<\/a>&nbsp;f\u00fcr uns nicht, da wir keine Kenntnis rechtswidriger T\u00e4tigkeiten hatten und haben, uns solche Rechtswidrigkeiten auch bisher nicht aufgefallen sind und wir Links sofort entfernen w\u00fcrden, wenn uns Rechtswidrigkeiten bekannt werden.<\/p>\n\n\n\n<p>Wenn Ihnen rechtswidrige Links auf unserer Website auffallen, bitten wir Sie uns zu kontaktieren, Sie finden die Kontaktdaten im Impressum.<\/p>\n\n\n\n<h3 class=\"wp-block-heading\">Urheberrechtshinweis<\/h3>\n\n\n\n<p>Alle Inhalte dieser Webseite (Bilder, Fotos, Texte, Videos) unterliegen dem Urheberrecht. Falls notwendig, werden wir die unerlaubte Nutzung von Teilen der Inhalte unserer Seite rechtlich verfolgen.<\/p>\n\n\n\n<p>Sollten Sie auf dieser Webseite Inhalte finden, die das Urheberrecht verletzen, bitten wir Sie uns zu kontaktieren.<\/p>\n\n\n\n<h3 class=\"wp-block-heading\">Bildernachweis<\/h3>\n\n\n\n<p>Die Bilder, Fotos und Grafiken auf dieser Webseite sind urheberrechtlich gesch\u00fctzt.<\/p>\n\n\n\n<p>Die Bilderrechte liegen bei den folgenden Fotografen und Unternehmen:<\/p>\n\n\n\n<ul class=\"wp-block-list\"><li>Fotograf Thomas Auer-Peckelsen<\/li><\/ul>\n\n\n\n<p>Quelle: Erstellt&nbsp;mit dem&nbsp;Datenschutz Generator von&nbsp;<a href=\"https:\/\/www.adsimple.at\/\" target=\"_blank\" rel=\"noreferrer noopener\">Content Marketing Agentur Wien<\/a>&nbsp;in Kooperation mit&nbsp;<a href=\"https:\/\/www.wallentin.cc\/\" target=\"_blank\" rel=\"noreferrer noopener\">wallentin.cc<\/a><\/p>\n","protected":false},"excerpt":{"rendered":"<p>Urheberrecht Der Autor ist bestrebt, in allen Publikationen die Urheberrechte der verwendeten Grafiken, Tondokumente, Videosequenzen und Texte zu beachten, von ihm selbst erstellte Grafiken, Tondokumente, Videosequenzen und Texte zu nutzen oder auf lizenzfreie Grafiken, Tondokumente, Videosequenzen und Texte zur\u00fcckzugreifen. Das Copyright f\u00fcr ver\u00f6ffentlichte, vom Autor selbst erstellte Objekte bleibt allein beim Autor der Seiten. Eine&hellip;<\/p>\n","protected":false},"author":1,"featured_media":0,"parent":0,"menu_order":0,"comment_status":"closed","ping_status":"closed","template":"","meta":{"two_page_speed":{"previous_score":{"desktop_score":85,"desktop_tti":"2.2\u00a0","mobile_score":51,"mobile_tti":"12.4\u00a0","date":"02.05.2023 05:25:18 pm","status":"completed"},"current_score":{"desktop_score":99,"desktop_tti":"0.6\u00a0","mobile_score":97,"mobile_tti":"2.0\u00a0","date":"11.05.2023 10:06:05 pm","status":"completed"}},"footnotes":""},"class_list":["post-76","page","type-page","status-publish","hentry"],"_links":{"self":[{"href":"https:\/\/auers.blog\/de\/wp-json\/wp\/v2\/pages\/76","targetHints":{"allow":["GET"]}}],"collection":[{"href":"https:\/\/auers.blog\/de\/wp-json\/wp\/v2\/pages"}],"about":[{"href":"https:\/\/auers.blog\/de\/wp-json\/wp\/v2\/types\/page"}],"author":[{"embeddable":true,"href":"https:\/\/auers.blog\/de\/wp-json\/wp\/v2\/users\/1"}],"replies":[{"embeddable":true,"href":"https:\/\/auers.blog\/de\/wp-json\/wp\/v2\/comments?post=76"}],"version-history":[{"count":1,"href":"https:\/\/auers.blog\/de\/wp-json\/wp\/v2\/pages\/76\/revisions"}],"predecessor-version":[{"id":4367,"href":"https:\/\/auers.blog\/de\/wp-json\/wp\/v2\/pages\/76\/revisions\/4367"}],"wp:attachment":[{"href":"https:\/\/auers.blog\/de\/wp-json\/wp\/v2\/media?parent=76"}],"curies":[{"name":"wp","href":"https:\/\/api.w.org\/{rel}","templated":true}]}}